{"id":60,"date":"2022-03-16T17:44:24","date_gmt":"2022-03-16T16:44:24","guid":{"rendered":"https:\/\/www.sporthotel-schweiz.com\/?page_id=60"},"modified":"2022-03-16T17:44:24","modified_gmt":"2022-03-16T16:44:24","slug":"partnerhotel-exklusiv-in-ihrer-sportregion","status":"publish","type":"page","link":"https:\/\/www.sporthotel-schweiz.com\/?page_id=60","title":{"rendered":"Partnerhotel  exklusiv in Ihrer Sportregion?"},"content":{"rendered":"<p>Nur ein Sporthotel kann in diesen Regionen Partner werden. Sie sind mit den Links unserer Sport und Skiwebseiten, sowie unseren Schweizer Portalen innert K\u00fcrze die Nummer 1 in Ihrer Sportregion! <a href=\"https:\/\/www.userhelp.ch\/impressum\/team-info\/\" target=\"_blank\" rel=\"noopener\">Referenzen Userhelp.ch<\/a> &#8211; Direkt Kontakt <a href=\"https:\/\/www.wasseramt.ch\/juerg-kraemer-userhelp-ch\/\" target=\"_blank\" rel=\"noopener\">J\u00fcrg Kr\u00e4mer<\/a><\/p>\n","protected":false},"excerpt":{"rendered":"<p>Nur ein Sporthotel kann in diesen Regionen Partner werden. Sie sind mit den Links unserer Sport und Skiwebseiten, sowie unseren Schweizer Portalen innert K\u00fcrze die Nummer 1 in Ihrer Sportregion! Referenzen Userhelp.ch &#8211; Direkt Kontakt J\u00fcrg Kr\u00e4mer<\/p>\n","protected":false},"author":1,"featured_media":0,"parent":0,"menu_order":0,"comment_status":"closed","ping_status":"closed","template":"","meta":{"footnotes":""},"class_list":["post-60","page","type-page","status-publish","czr-hentry"],"_links":{"self":[{"href":"https:\/\/www.sporthotel-schweiz.com\/index.php?rest_route=\/wp\/v2\/pages\/60","targetHints":{"allow":["GET"]}}],"collection":[{"href":"https:\/\/www.sporthotel-schweiz.com\/index.php?rest_route=\/wp\/v2\/pages"}],"about":[{"href":"https:\/\/www.sporthotel-schweiz.com\/index.php?rest_route=\/wp\/v2\/types\/page"}],"author":[{"embeddable":true,"href":"https:\/\/www.sporthotel-schweiz.com\/index.php?rest_route=\/wp\/v2\/users\/1"}],"replies":[{"embeddable":true,"href":"https:\/\/www.sporthotel-schweiz.com\/index.php?rest_route=%2Fwp%2Fv2%2Fcomments&post=60"}],"version-history":[{"count":1,"href":"https:\/\/www.sporthotel-schweiz.com\/index.php?rest_route=\/wp\/v2\/pages\/60\/revisions"}],"predecessor-version":[{"id":61,"href":"https:\/\/www.sporthotel-schweiz.com\/index.php?rest_route=\/wp\/v2\/pages\/60\/revisions\/61"}],"wp:attachment":[{"href":"https:\/\/www.sporthotel-schweiz.com\/index.php?rest_route=%2Fwp%2Fv2%2Fmedia&parent=60"}],"curies":[{"name":"wp","href":"https:\/\/api.w.org\/{rel}","templated":true}]}}